{"id":8,"date":"2020-01-01T12:49:21","date_gmt":"2020-01-01T11:49:21","guid":{"rendered":"http:\/\/cloudover.io\/?page_id=8"},"modified":"2020-01-06T18:09:40","modified_gmt":"2020-01-06T17:09:40","slug":"contact","status":"publish","type":"page","link":"https:\/\/cloudover.io\/?page_id=8","title":{"rendered":"Contact"},"content":{"rendered":"\n<p>Strona z podstawowymi informacjami kontaktowymi, takimi jak adres, numer telefonu. Mo\u017cna tak\u017ce spr\u00f3bowa\u0107 wtyczki, za pomoc\u0105 kt\u00f3rej dodamy formularz kontaktowy.<\/p>\n","protected":false},"excerpt":{"rendered":"<p>Strona z podstawowymi informacjami kontaktowymi, takimi jak adres, numer telefonu. Mo\u017cna tak\u017ce spr\u00f3bowa\u0107 wtyczki, za pomoc\u0105 kt\u00f3rej dodamy formularz kontaktowy.<\/p>\n","protected":false},"author":1,"featured_media":0,"parent":0,"menu_order":0,"comment_status":"closed","ping_status":"closed","template":"","meta":{"footnotes":""},"_links":{"self":[{"href":"https:\/\/cloudover.io\/index.php?rest_route=\/wp\/v2\/pages\/8"}],"collection":[{"href":"https:\/\/cloudover.io\/index.php?rest_route=\/wp\/v2\/pages"}],"about":[{"href":"https:\/\/cloudover.io\/index.php?rest_route=\/wp\/v2\/types\/page"}],"author":[{"embeddable":true,"href":"https:\/\/cloudover.io\/index.php?rest_route=\/wp\/v2\/users\/1"}],"replies":[{"embeddable":true,"href":"https:\/\/cloudover.io\/index.php?rest_route=%2Fwp%2Fv2%2Fcomments&post=8"}],"version-history":[{"count":2,"href":"https:\/\/cloudover.io\/index.php?rest_route=\/wp\/v2\/pages\/8\/revisions"}],"predecessor-version":[{"id":29,"href":"https:\/\/cloudover.io\/index.php?rest_route=\/wp\/v2\/pages\/8\/revisions\/29"}],"wp:attachment":[{"href":"https:\/\/cloudover.io\/index.php?rest_route=%2Fwp%2Fv2%2Fmedia&parent=8"}],"curies":[{"name":"wp","href":"https:\/\/api.w.org\/{rel}","templated":true}]}}